{"id":102,"date":"2017-10-23T14:42:43","date_gmt":"2017-10-23T14:42:43","guid":{"rendered":"https:\/\/cathojoinville.fr\/selonmarc\/?page_id=102"},"modified":"2021-01-15T17:43:29","modified_gmt":"2021-01-15T16:43:29","slug":"mode-demploi-2","status":"publish","type":"page","link":"https:\/\/cathojoinville.fr\/selonmarc\/mode-demploi-2\/","title":{"rendered":"Mode d&#8217;emploi"},"content":{"rendered":"<p style=\"text-align: justify;\"><span style=\"font-family: tahoma, arial, helvetica, sans-serif;\"><strong>C<\/strong>e blog est un outil de travail, une plate-forme de dialogue et un relais de t\u00e9l\u00e9chargement. Il est compos\u00e9 de cinq grandes unit\u00e9s:<\/span><\/p>\n<ol style=\"text-align: justify;\">\n<li><span style=\"font-family: tahoma, arial, helvetica, sans-serif;\">Une <em><span style=\"color: #993300;\">pr\u00e9sentation<\/span><\/em>.<\/span><\/li>\n<li><span style=\"font-family: tahoma, arial, helvetica, sans-serif;\">Un commentaire interlin\u00e9aire des<span style=\"color: #993300;\"> <em>\u00e9vangiles du dimanche<\/em><\/span>. Cet espace est d&rsquo;abord \u00e0 l&rsquo;usage des pr\u00e9dicateurs et divers animateurs de liturgies de la Parole (du type\u00a0<em>Dimanche autrement<\/em>). Ensuite, il est destin\u00e9 \u00e0 tous les catholiques pratiquants d\u00e9sirant mieux participer \u00e0 l&rsquo;eucharistie dominicale en approfondissant l&rsquo;\u00e9vangile propos\u00e9 par la liturgie. Enfin, il est un moyen de lire une grande partie de l&rsquo;\u00e9vangile de <strong>MARC<\/strong> verset par verset, voire mot \u00e0 mot. La masse de travail explique que l&rsquo;int\u00e9gralit\u00e9 du commentaire n&rsquo;est pas encore disponible et suivra la chronologie du lectionnaire.<\/span><\/li>\n<li><span style=\"font-family: tahoma, arial, helvetica, sans-serif;\">Un espace dit <em><span style=\"color: #993300;\">polyphonique<\/span><\/em><span style=\"color: #000000;\">,<\/span> \u00e0 vocation culturelle, proposant comment l&rsquo;\u00e9vangile de <strong>MARC<\/strong> fut interpr\u00e9t\u00e9 par les peintres (<em>iconographie<\/em>), les musiciens (<em>musicographie<\/em>), les cin\u00e9astes (<em>filmographie<\/em>) et les \u00e9crivains (<em>intertextualit\u00e9<\/em>).<\/span><\/li>\n<li><span style=\"font-family: tahoma, arial, helvetica, sans-serif;\">Un espace (<em><span style=\"color: #993300;\">Le Labo<\/span><\/em>), pour ceux qui d\u00e9sirent approfondir leur exp\u00e9rience du texte de l&rsquo;\u00e9vangile de <strong>MARC\u00a0<\/strong>selon une approche scientifique. Quand le contenu est long et parfois difficile, il est pr\u00e9c\u00e9d\u00e9 d&rsquo;un r\u00e9sum\u00e9 simple, essayant de rendre l&rsquo;essentiel du texte qui suit, plus ardu, parfois aride, avec de nombreuses notes. Cet espace n&rsquo;engage que son auteur. Par sa taille r\u00e9duite, il ne peut \u00e9videmment pas remplacer un enseignement structur\u00e9\u00a0d&rsquo;ex\u00e9g\u00e8se.<\/span><\/li>\n<li><span style=\"font-family: tahoma, arial, helvetica, sans-serif;\">Un <em><span style=\"color: #993300;\">espace-ressource<\/span><\/em>, pr\u00e9sentant des propositions de structures, des r\u00e9f\u00e9rences bibliographiques, cartes et outils num\u00e9riques pour aller plus loin.<\/span><\/li>\n<\/ol>\n<p style=\"text-align: justify;\"><span style=\"font-family: tahoma, arial, helvetica, sans-serif;\"><strong>P<\/strong>ar souci de lisibilit\u00e9, les noms de personnes sont \u00e9crits en MAJUSCULE et en <strong>gras<\/strong>, les noms de lieu en MAJUSCULE.<\/span><\/p>\n<h2 style=\"text-align: justify;\"><span style=\"font-family: tahoma, arial, helvetica, sans-serif; color: #993300;\">Les citations bibliques<\/span><\/h2>\n<p style=\"text-align: justify;\"><span style=\"font-family: tahoma, arial, helvetica, sans-serif;\"><strong>L<\/strong>es citations, ainsi que les abr\u00e9viations des livres bibliques (sauf pour Isa\u00efe = <i>Is<\/i>), sont extraites de la <a href=\"http:\/\/fr.wikipedia.org\/wiki\/Traduction_%C5%93cum%C3%A9nique_de_la_Bible\"><em>Traduction \u0152cum\u00e9nique de la Bible<\/em><\/a>\u00a0[abr\u00e9g\u00e9e\u00a0<em>TOB<\/em>]. Cette nomenclature est accessible <a href=\"http:\/\/fr.wikipedia.org\/wiki\/Mod%C3%A8le:Abr%C3%A9viation_livre_de_la_Bible\">ici<\/a>. \u00c0 l&rsquo;usage, il est utile de l&rsquo;apprendre par c\u0153ur.<\/span><\/p>\n<p style=\"text-align: justify;\"><span style=\"font-family: tahoma, arial, helvetica, sans-serif;\"><strong>P<\/strong>our des raisons compliqu\u00e9es (voir <a href=\"http:\/\/www.interbible.org\/interBible\/decouverte\/comprendre\/2010\/clb_100402.html\">ici<\/a>), le choix de la <em>TOB<\/em> modifie parfois la num\u00e9rotation des psaumes adopt\u00e9e par la <em>Vulgate<\/em> ou par certains livres liturgiques (en particulier le psautier).<br \/>\n<\/span><\/p>\n<p style=\"text-align: justify;\"><span style=\"font-family: tahoma, arial, helvetica, sans-serif;\"><strong>N<\/strong>ous indiquons toujours le livre biblique en italique, le chapitre en gras. Par exemple, <em>Is<\/em> <strong>42<\/strong>, 14 signifie le livre d&rsquo;Isa\u00efe, au chapitre 42 et au verset 14; <em>Is<\/em> <strong>44<\/strong>&#8211;<strong>48<\/strong>, signifie le livre d&rsquo;Isa\u00efe, aux chapitres 44 \u00e0 48; <em>Is<\/em> <strong>44<\/strong>, 25.56 signifie le livre d&rsquo;Isa\u00efe, au chapitre 44, verset 25 <em>et<\/em> verset 56. <em>Is<\/em> <strong>44<\/strong>, 26-<strong>61<\/strong>, 14 signifie donc le livre d&rsquo;Isa\u00efe, du chapitre 44, verset 26 au chapitre 61, verset 14.<\/span><\/p>\n<p style=\"text-align: justify;\"><span style=\"font-family: tahoma, arial, helvetica, sans-serif;\"><strong>Q<\/strong>uand dans ce site un verset est cit\u00e9 sans nom de livre, il renvoie toujours \u00e0 l&rsquo;\u00e9vangile selon <strong>MARC<\/strong>,\u00a0abr\u00e9g\u00e9\u00a0<em>Mc<\/em>.<br \/>\n<\/span><\/p>\n<h2 style=\"text-align: justify;\"><span style=\"color: #993300; font-family: tahoma, arial, helvetica, sans-serif;\">Le texte biblique<\/span><\/h2>\n<p style=\"text-align: justify;\"><span style=\"font-family: tahoma, arial, helvetica, sans-serif;\">\u2666\u00a0Le <b>texte grec<\/b> est \u00e9tabli \u00e0 partir de trois instruments de travail\u00a0:<\/span><\/p>\n<ul style=\"text-align: justify;\">\n<li><span style=\"font-family: tahoma, arial, helvetica, sans-serif;\">Eberhard <b>NESTLE<\/b>, Erwin <b>NESTLE<\/b> et Kurt <b>ALAND<\/b>, <i>Novum Testamentum Gr\u00e6ce et Latine<\/i>, (27<sup>\u00e8me<\/sup> \u00e9d.), Stuttgart, Deutsche Bibelgesellschaft, 1999 [or. 1993], 810 p.<\/span><\/li>\n<li><span style=\"font-family: tahoma, arial, helvetica, sans-serif;\">Maurice <b>CARREZ<\/b>, <i>Nouveau Testament. Interlin\u00e9aire grec\/fran\u00e7ais<\/i>, Villiers-le-Bel, Alliance biblique universelle, 1993, 1187 p.<\/span><\/li>\n<li><span style=\"font-family: tahoma, arial, helvetica, sans-serif;\">Maurice <b>CARREZ<\/b> &amp; Fran\u00e7ois <b>MOREL<\/b>, <i>Dictionnaire grec-fran\u00e7ais du Nouveau Testament<\/i>, (4<sup>e<\/sup> \u00e9d. revue et corrig\u00e9e), Gen\u00e8ve, Labor et Fides\/Soci\u00e9t\u00e9 Biblique fran\u00e7aise, 1989, 270 p.<\/span><\/li>\n<\/ul>\n<p style=\"text-align: justify;\"><span style=\"font-family: tahoma, arial, helvetica, sans-serif;\"><b>U<\/b>ne version num\u00e9rique est disponible <a href=\"http:\/\/biblewebapp.com\/study\/\" target=\"_blank\" rel=\"noopener noreferrer\">ici<\/a>\u00a0(en anglais, avec des outils grammaticaux tr\u00e8s appr\u00e9ciables), <a href=\"http:\/\/www.lueur.org\/bible\/version\/segond-strong\" target=\"_blank\" rel=\"noopener noreferrer\">ici<\/a> (Bible <strong>SEGOND<\/strong> avec outil <strong>STRONG<\/strong>) ou, \u00e0 d\u00e9faut,\u00a0<a href=\"https:\/\/theotex.org\/ntgf\/marc\/marc_1_gf.html\" target=\"_blank\" rel=\"noopener noreferrer\">ici<\/a>\u00a0(en fran\u00e7ais).<\/span><\/p>\n<p style=\"text-align: justify;\"><span style=\"font-family: tahoma, arial, helvetica, sans-serif;\">\u2666\u00a0Le <strong>texte latin<\/strong> de la <b>Vulgate<\/b> est repris \u00e0 la <i><a href=\"http:\/\/vulsearch.sourceforge.net\/html\/Mt.html\" target=\"_blank\" rel=\"noopener noreferrer\">Biblia sacra juxta Vulgatam Clementinam<\/a><\/i>, (\u00e9d. de Micha\u00ebl <b>TWEEDALE<\/b>), Londres, 2005.<\/span><\/p>\n<p style=\"text-align: justify;\"><span style=\"font-family: tahoma, arial, helvetica, sans-serif;\">\u2666\u00a0<strong>L<\/strong>e <strong>texte fran\u00e7ais<\/strong>\u00a0utilis\u00e9 sur ce blog a pour base la traduction de la\u00a0<a href=\"https:\/\/fr.wikipedia.org\/wiki\/Traduction_%C5%93cum%C3%A9nique_de_la_Bible\" target=\"_blank\" rel=\"noopener noreferrer\"><em>Traduction \u0152cum\u00e9nique de la Bible<\/em><\/a> [abr\u00e9g\u00e9e <em>TOB<\/em>]<sup><a href=\"#footnote_1_102\" id=\"identifier_1_102\" class=\"footnote-link footnote-identifier-link\" title=\"&Eacute;dition int&eacute;grale, Paris, &eacute;ditions du CERF, Les bergers et les Mages, 1972, 2 tomes, parfois revue. Une nouvelle &eacute;dition est sortie en 2010.\">1<\/a><\/sup>. Cet outil, de bon niveau scientifique, est de plus un signe d&rsquo;esp\u00e9rance et d&rsquo;amiti\u00e9 entre les \u00e9glises. D&rsquo;autres traductions demeurent bien-s\u00fbr tr\u00e8s utiles : <em>La Bible de J\u00e9rusalem<\/em>, la Bible <em>OSTY-TRINQUET<\/em> (notes abondantes et int\u00e9ressantes), etc.<\/span><\/p>\n<p style=\"text-align: justify;\"><span style=\"font-family: tahoma, arial, helvetica, sans-serif;\"><strong>B<\/strong>eaucoup de <a href=\"http:\/\/fr.wikipedia.org\/wiki\/Traductions_de_la_Bible_en_fran%C3%A7ais\" target=\"_blank\" rel=\"noopener noreferrer\">traductions en fran\u00e7ais<\/a> de l&rsquo;\u00e9vangile selon <b>MARC\u00a0<\/b>sont disponible sur la toile. Pour les traductions catholiques :<\/span><\/p>\n<ul>\n<li style=\"text-align: justify;\"><span style=\"font-family: tahoma, arial, helvetica, sans-serif;\">la traduction, dite de PORT-ROYAL, par Louis-Isaac <a href=\"http:\/\/fr.wikipedia.org\/wiki\/Louis-Isaac_Lemaistre_de_Sacy\"><strong>LEMAISTRE de SACY<\/strong><\/a>\u00a0(1696 [posthume],\u00a0texte r\u00e9vis\u00e9 de 1759, \u00e9dit\u00e9 par Laurent-Etienne <strong>RONDET<\/strong> en 1855),\u00a0est disponible sur<em> Wikisource<\/em>\u00a0<a href=\"https:\/\/fr.wikisource.org\/wiki\/Bible_Sacy\/Saint_Marc\" target=\"_blank\" rel=\"noopener noreferrer\">ici\u00a0<\/a>;<\/span><\/li>\n<li style=\"text-align: justify;\"><span style=\"font-family: tahoma, arial, helvetica, sans-serif;\">la traduction du chanoine Auguste\u00a0<a href=\"http:\/\/fr.wikipedia.org\/wiki\/Augustin_Crampon\"><strong>CRAMPON<\/strong><\/a> (r\u00e9vision de 1923) est disponible <a href=\"http:\/\/bible.catholique.org\/evangile-selon-saint-marc\/3209-chapitre-1\" target=\"_blank\" rel=\"noopener noreferrer\">ici\u00a0<\/a>(version audio [1h48]\u00a0<a href=\"http:\/\/audiobible.free.fr\/nouveau_testament.php?contenu=nt\/marc\" target=\"_blank\" rel=\"noopener noreferrer\">ici<\/a>) ;<\/span><\/li>\n<li style=\"text-align: justify;\"><span style=\"font-family: tahoma, arial, helvetica, sans-serif;\">la traduction <em>AELF<\/em> (Bible pour la liturgie catholique) est disponible\u00a0<a href=\"http:\/\/www.aelf.org\/bible\/Mc\/1\" target=\"_blank\" rel=\"noopener noreferrer\">ici\u00a0<\/a>;<\/span><\/li>\n<li style=\"text-align: justify;\"><span style=\"font-family: tahoma, arial, helvetica, sans-serif;\">la <em>Bible de J\u00e9rusalem<\/em> est disponible\u00a0<a href=\"http:\/\/www.lexilogos.com\/bible\/tableau_evangiles.htm\" target=\"_blank\" rel=\"noopener noreferrer\">ici<\/a>\u00a0(interface interlin\u00e9aire\u00a0<em>lexilogos<\/em>).<\/span><\/li>\n<\/ul>\n<p style=\"text-align: justify;\"><span style=\"font-family: tahoma, arial, helvetica, sans-serif;\">Pour les traductions protestantes :<\/span><\/p>\n<ul>\n<li style=\"text-align: justify;\"><span style=\"font-family: tahoma, arial, helvetica, sans-serif;\">la traduction de Jean-Fr\u00e9d\u00e9ric\u00a0<a href=\"http:\/\/fr.wikipedia.org\/wiki\/Jean-Fr%C3%A9d%C3%A9ric_Osterwald\"><strong>OSTEVALD<\/strong><\/a> (r\u00e9vis\u00e9e 1867) est disponible\u00a0sur<em> Wikisource <\/em><a href=\"https:\/\/fr.wikisource.org\/wiki\/Bible_Ostervald_1867\/Marc\" target=\"_blank\" rel=\"noopener noreferrer\">ici<\/a>;<\/span><\/li>\n<li style=\"text-align: justify;\"><span style=\"font-family: tahoma, arial, helvetica, sans-serif;\">la traduction de John Nelson\u00a0<a href=\"http:\/\/fr.wikipedia.org\/wiki\/John_Nelson_Darby\"><strong>DARBY<\/strong><\/a> (1872) est disponible sur<em>\u00a0Wikisource<\/em>\u00a0<a href=\"https:\/\/fr.wikisource.org\/wiki\/%C3%89vangile_selon_Marc_-_Darby\" target=\"_blank\" rel=\"noopener noreferrer\">ici<\/a>;\u00a0<\/span><\/li>\n<li style=\"text-align: justify;\"><span style=\"font-family: tahoma, arial, helvetica, sans-serif;\">la c\u00e9l\u00e8bre traduction de Louis<a href=\"http:\/\/fr.wikipedia.org\/wiki\/Louis_Segond\">\u00a0<strong>SEGOND<\/strong><\/a> (r\u00e9vis\u00e9e 1910) est disponible sur<em>\u00a0Wikisource<\/em>\u00a0<a href=\"https:\/\/fr.wikisource.org\/wiki\/Bible_Segond_1910\/%C3%89vangile_selon_Marc\" target=\"_blank\" rel=\"noopener noreferrer\">ici<\/a>. La r\u00e9vision de 1979 est disponible <a href=\"https:\/\/www.societebiblique.com\/fr\/lire-la-bible\/marc\" target=\"_blank\" rel=\"noopener noreferrer\">ici<\/a>.<\/span><\/li>\n<\/ul>\n<h2><\/h2>\n<h2 style=\"text-align: justify;\"><span style=\"color: #993300; font-family: tahoma, arial, helvetica, sans-serif;\">Les principaux liens<\/span><\/h2>\n<p style=\"text-align: justify;\"><span style=\"font-family: tahoma, arial, helvetica, sans-serif;\"><span style=\"font-family: tahoma, arial, helvetica, sans-serif;\"><strong>C<\/strong>e blog valorise les liens avec l&rsquo;encyclop\u00e9die l<\/span>ibre <a href=\"http:\/\/fr.wikipedia.org\/wiki\/Wikip%C3%A9dia:Principes_fondateurs\"><em>Wikip\u00e9dia<\/em><\/a>. Ceci\u00a0pour deux raisons, l&rsquo;une philosophique et l&rsquo;autre technique. D&rsquo;une part, nous entendons soutenir cette heureuse initiative d&rsquo;une encyclop\u00e9die libre, gratuite et fond\u00e9e sur la collaboration. D&rsquo;autre part, le succ\u00e8s de <em>Wikip\u00e9dia<\/em> garantie une certaine p\u00e9rennit\u00e9 des liens. Cependant, m\u00eame si le niveau scientifique global est de bonne tenue, les articles particuliers peuvent s&rsquo;av\u00e9rer partiaux ou fautifs sur certains points. C&rsquo;est pourquoi, nous renvoyons parfois \u00e0 des articles \u00e9crits en langues \u00e9trang\u00e8res (principalement l&rsquo;anglais et l&rsquo;italien), voire \u00e0 d&rsquo;autres sites. Il convient donc que le lecteur conserve toujours son esprit critique et consulte d&rsquo;autres sources. <span style=\"font-family: tahoma, arial, helvetica, sans-serif;\">Enfin, il est \u00e9vident que, pour l&rsquo;instant encore, l&rsquo;essentiel de la connaissance demeure dans les livres.<\/span><\/span><\/p>\n<p style=\"text-align: justify;\"><span style=\"font-family: tahoma, arial, helvetica, sans-serif;\"><strong>N<\/strong>ous avons \u00e9galement privil\u00e9gi\u00e9 en bibliographie la collection des\u00a0<a href=\"https:\/\/www.bible-service.net\/extranet\/current\/pages\/079.html\" target=\"_blank\" rel=\"noopener noreferrer\"><em>Cahiers \u00c9vangiles<\/em><\/a>, pour trois raisons : leur qualit\u00e9 scientifique, leur souci didactique et leur grande diffusion, en particulier dans les paroisses.<\/span><\/p>\n<p>\u00ad<\/p>\n<ol class=\"footnotes\"><li id=\"footnote_1_102\" class=\"footnote\">\u00c9dition int\u00e9grale, Paris, \u00e9ditions du CERF, Les bergers et les Mages, 1972, 2 tomes, parfois revue. Une <a href=\"http:\/\/www.la-bible.net\/page.php?ref=TOB\/2010\">nouvelle \u00e9dition<\/a> est sortie en 2010.<span class=\"footnote-back-link-wrapper\"> [<a href=\"#identifier_1_102\" class=\"footnote-link footnote-back-link\">&#8617;<\/a>]<\/span><\/li><\/ol>","protected":false},"excerpt":{"rendered":"<p>Ce blog est un outil de travail, une plate-forme de dialogue et un relais de t\u00e9l\u00e9chargement. Il est compos\u00e9 de cinq grandes unit\u00e9s: Une pr\u00e9sentation. Un commentaire interlin\u00e9aire des \u00e9vangiles du dimanche. Cet espace est d&rsquo;abord \u00e0 l&rsquo;usage des pr\u00e9dicateurs &hellip; <a href=\"https:\/\/cathojoinville.fr\/selonmarc\/mode-demploi-2\/\">Continuer la lecture <span class=\"meta-nav\">&rarr;<\/span><\/a><\/p>\n","protected":false},"author":2,"featured_media":0,"parent":0,"menu_order":0,"comment_status":"closed","ping_status":"closed","template":"","meta":{"footnotes":""},"class_list":["post-102","page","type-page","status-publish","hentry"],"yoast_head":"<!-- This site is optimized with the Yoast SEO plugin v27.4 - https:\/\/yoast.com\/product\/yoast-seo-wordpress\/ -->\n<title>Mode d&#039;emploi - Selon Marc<\/title>\n<meta name=\"robots\" content=\"index, follow, max-snippet:-1, max-image-preview:large, max-video-preview:-1\" \/>\n<link rel=\"canonical\" href=\"https:\/\/cathojoinville.fr\/selonmarc\/mode-demploi-2\/\" \/>\n<meta property=\"og:locale\" content=\"fr_FR\" \/>\n<meta property=\"og:type\" content=\"article\" \/>\n<meta property=\"og:title\" content=\"Mode d&#039;emploi - Selon Marc\" \/>\n<meta property=\"og:description\" content=\"Ce blog est un outil de travail, une plate-forme de dialogue et un relais de t\u00e9l\u00e9chargement. Il est compos\u00e9 de cinq grandes unit\u00e9s: Une pr\u00e9sentation. Un commentaire interlin\u00e9aire des \u00e9vangiles du dimanche. Cet espace est d&rsquo;abord \u00e0 l&rsquo;usage des pr\u00e9dicateurs &hellip; Continuer la lecture &rarr;\" \/>\n<meta property=\"og:url\" content=\"https:\/\/cathojoinville.fr\/selonmarc\/mode-demploi-2\/\" \/>\n<meta property=\"og:site_name\" content=\"Selon Marc\" \/>\n<meta property=\"article:modified_time\" content=\"2021-01-15T16:43:29+00:00\" \/>\n<meta name=\"twitter:card\" content=\"summary_large_image\" \/>\n<meta name=\"twitter:label1\" content=\"Dur\u00e9e de lecture estim\u00e9e\" \/>\n\t<meta name=\"twitter:data1\" content=\"5 minutes\" \/>\n<script type=\"application\/ld+json\" class=\"yoast-schema-graph\">{\"@context\":\"https:\\\/\\\/schema.org\",\"@graph\":[{\"@type\":\"WebPage\",\"@id\":\"https:\\\/\\\/cathojoinville.fr\\\/selonmarc\\\/mode-demploi-2\\\/\",\"url\":\"https:\\\/\\\/cathojoinville.fr\\\/selonmarc\\\/mode-demploi-2\\\/\",\"name\":\"Mode d'emploi - Selon Marc\",\"isPartOf\":{\"@id\":\"https:\\\/\\\/cathojoinville.fr\\\/selonmarc\\\/#website\"},\"datePublished\":\"2017-10-23T14:42:43+00:00\",\"dateModified\":\"2021-01-15T16:43:29+00:00\",\"breadcrumb\":{\"@id\":\"https:\\\/\\\/cathojoinville.fr\\\/selonmarc\\\/mode-demploi-2\\\/#breadcrumb\"},\"inLanguage\":\"fr-FR\",\"potentialAction\":[{\"@type\":\"ReadAction\",\"target\":[\"https:\\\/\\\/cathojoinville.fr\\\/selonmarc\\\/mode-demploi-2\\\/\"]}]},{\"@type\":\"BreadcrumbList\",\"@id\":\"https:\\\/\\\/cathojoinville.fr\\\/selonmarc\\\/mode-demploi-2\\\/#breadcrumb\",\"itemListElement\":[{\"@type\":\"ListItem\",\"position\":1,\"name\":\"Accueil\",\"item\":\"https:\\\/\\\/cathojoinville.fr\\\/selonmarc\\\/\"},{\"@type\":\"ListItem\",\"position\":2,\"name\":\"Mode d&#8217;emploi\"}]},{\"@type\":\"WebSite\",\"@id\":\"https:\\\/\\\/cathojoinville.fr\\\/selonmarc\\\/#website\",\"url\":\"https:\\\/\\\/cathojoinville.fr\\\/selonmarc\\\/\",\"name\":\"Selon Marc\",\"description\":\"L&#039;exp\u00e9rience bouleversante de l&#039;Evangile\",\"publisher\":{\"@id\":\"https:\\\/\\\/cathojoinville.fr\\\/selonmarc\\\/#organization\"},\"potentialAction\":[{\"@type\":\"SearchAction\",\"target\":{\"@type\":\"EntryPoint\",\"urlTemplate\":\"https:\\\/\\\/cathojoinville.fr\\\/selonmarc\\\/?s={search_term_string}\"},\"query-input\":{\"@type\":\"PropertyValueSpecification\",\"valueRequired\":true,\"valueName\":\"search_term_string\"}}],\"inLanguage\":\"fr-FR\"},{\"@type\":\"Organization\",\"@id\":\"https:\\\/\\\/cathojoinville.fr\\\/selonmarc\\\/#organization\",\"name\":\"Dioc\u00e8se de Langres\",\"url\":\"https:\\\/\\\/cathojoinville.fr\\\/selonmarc\\\/\",\"logo\":{\"@type\":\"ImageObject\",\"inLanguage\":\"fr-FR\",\"@id\":\"https:\\\/\\\/cathojoinville.fr\\\/selonmarc\\\/#\\\/schema\\\/logo\\\/image\\\/\",\"url\":\"https:\\\/\\\/cathojoinville.fr\\\/selonmarc\\\/wp-content\\\/uploads\\\/2018\\\/03\\\/logo-de-la-mission.jpg\",\"contentUrl\":\"https:\\\/\\\/cathojoinville.fr\\\/selonmarc\\\/wp-content\\\/uploads\\\/2018\\\/03\\\/logo-de-la-mission.jpg\",\"width\":592,\"height\":496,\"caption\":\"Dioc\u00e8se de Langres\"},\"image\":{\"@id\":\"https:\\\/\\\/cathojoinville.fr\\\/selonmarc\\\/#\\\/schema\\\/logo\\\/image\\\/\"}}]}<\/script>\n<!-- \/ Yoast SEO plugin. -->","yoast_head_json":{"title":"Mode d'emploi - Selon Marc","robots":{"index":"index","follow":"follow","max-snippet":"max-snippet:-1","max-image-preview":"max-image-preview:large","max-video-preview":"max-video-preview:-1"},"canonical":"https:\/\/cathojoinville.fr\/selonmarc\/mode-demploi-2\/","og_locale":"fr_FR","og_type":"article","og_title":"Mode d'emploi - Selon Marc","og_description":"Ce blog est un outil de travail, une plate-forme de dialogue et un relais de t\u00e9l\u00e9chargement. Il est compos\u00e9 de cinq grandes unit\u00e9s: Une pr\u00e9sentation. Un commentaire interlin\u00e9aire des \u00e9vangiles du dimanche. Cet espace est d&rsquo;abord \u00e0 l&rsquo;usage des pr\u00e9dicateurs &hellip; Continuer la lecture &rarr;","og_url":"https:\/\/cathojoinville.fr\/selonmarc\/mode-demploi-2\/","og_site_name":"Selon Marc","article_modified_time":"2021-01-15T16:43:29+00:00","twitter_card":"summary_large_image","twitter_misc":{"Dur\u00e9e de lecture estim\u00e9e":"5 minutes"},"schema":{"@context":"https:\/\/schema.org","@graph":[{"@type":"WebPage","@id":"https:\/\/cathojoinville.fr\/selonmarc\/mode-demploi-2\/","url":"https:\/\/cathojoinville.fr\/selonmarc\/mode-demploi-2\/","name":"Mode d'emploi - Selon Marc","isPartOf":{"@id":"https:\/\/cathojoinville.fr\/selonmarc\/#website"},"datePublished":"2017-10-23T14:42:43+00:00","dateModified":"2021-01-15T16:43:29+00:00","breadcrumb":{"@id":"https:\/\/cathojoinville.fr\/selonmarc\/mode-demploi-2\/#breadcrumb"},"inLanguage":"fr-FR","potentialAction":[{"@type":"ReadAction","target":["https:\/\/cathojoinville.fr\/selonmarc\/mode-demploi-2\/"]}]},{"@type":"BreadcrumbList","@id":"https:\/\/cathojoinville.fr\/selonmarc\/mode-demploi-2\/#breadcrumb","itemListElement":[{"@type":"ListItem","position":1,"name":"Accueil","item":"https:\/\/cathojoinville.fr\/selonmarc\/"},{"@type":"ListItem","position":2,"name":"Mode d&#8217;emploi"}]},{"@type":"WebSite","@id":"https:\/\/cathojoinville.fr\/selonmarc\/#website","url":"https:\/\/cathojoinville.fr\/selonmarc\/","name":"Selon Marc","description":"L&#039;exp\u00e9rience bouleversante de l&#039;Evangile","publisher":{"@id":"https:\/\/cathojoinville.fr\/selonmarc\/#organization"},"potentialAction":[{"@type":"SearchAction","target":{"@type":"EntryPoint","urlTemplate":"https:\/\/cathojoinville.fr\/selonmarc\/?s={search_term_string}"},"query-input":{"@type":"PropertyValueSpecification","valueRequired":true,"valueName":"search_term_string"}}],"inLanguage":"fr-FR"},{"@type":"Organization","@id":"https:\/\/cathojoinville.fr\/selonmarc\/#organization","name":"Dioc\u00e8se de Langres","url":"https:\/\/cathojoinville.fr\/selonmarc\/","logo":{"@type":"ImageObject","inLanguage":"fr-FR","@id":"https:\/\/cathojoinville.fr\/selonmarc\/#\/schema\/logo\/image\/","url":"https:\/\/cathojoinville.fr\/selonmarc\/wp-content\/uploads\/2018\/03\/logo-de-la-mission.jpg","contentUrl":"https:\/\/cathojoinville.fr\/selonmarc\/wp-content\/uploads\/2018\/03\/logo-de-la-mission.jpg","width":592,"height":496,"caption":"Dioc\u00e8se de Langres"},"image":{"@id":"https:\/\/cathojoinville.fr\/selonmarc\/#\/schema\/logo\/image\/"}}]}},"_links":{"self":[{"href":"https:\/\/cathojoinville.fr\/selonmarc\/wp-json\/wp\/v2\/pages\/102","targetHints":{"allow":["GET"]}}],"collection":[{"href":"https:\/\/cathojoinville.fr\/selonmarc\/wp-json\/wp\/v2\/pages"}],"about":[{"href":"https:\/\/cathojoinville.fr\/selonmarc\/wp-json\/wp\/v2\/types\/page"}],"author":[{"embeddable":true,"href":"https:\/\/cathojoinville.fr\/selonmarc\/wp-json\/wp\/v2\/users\/2"}],"replies":[{"embeddable":true,"href":"https:\/\/cathojoinville.fr\/selonmarc\/wp-json\/wp\/v2\/comments?post=102"}],"version-history":[{"count":16,"href":"https:\/\/cathojoinville.fr\/selonmarc\/wp-json\/wp\/v2\/pages\/102\/revisions"}],"predecessor-version":[{"id":562,"href":"https:\/\/cathojoinville.fr\/selonmarc\/wp-json\/wp\/v2\/pages\/102\/revisions\/562"}],"wp:attachment":[{"href":"https:\/\/cathojoinville.fr\/selonmarc\/wp-json\/wp\/v2\/media?parent=102"}],"curies":[{"name":"wp","href":"https:\/\/api.w.org\/{rel}","templated":true}]}}